{"id":9550,"date":"2023-04-26T16:59:16","date_gmt":"2023-04-26T09:59:16","guid":{"rendered":"https:\/\/elearning.survivalskills.vn\/instruction-for-mobile-browsers\/"},"modified":"2024-07-14T14:13:11","modified_gmt":"2024-07-14T07:13:11","slug":"instruction-for-mobile-browsers","status":"publish","type":"page","link":"https:\/\/elearning.survivalskills.vn\/en\/instruction-for-mobile-browsers\/","title":{"rendered":"Instruction for mobile browsers."},"content":{"rendered":"<p>Below is the user instruction for SSVN E-learning platform via mobile devices <\/p><p>If you have any question or encounter any problem, please contact us via <a href=\"https:\/\/www.facebook.com\/SurvivalSkillsVietnam\" target=\"_blank\" rel=\"noreferrer noopener\">Facebook Survival Skills Vietnam-SSVN<\/a> or our hotline 0773 051 902<\/p><p>We wish you have a great learning journey!<\/p><h2 class=\"wp-block-heading\">1. Account creation and course registration<\/h2><figure class=\"wp-block-embed is-type-video is-provider-youtube wp-block-embed-youtube wp-embed-aspect-16-9 wp-has-aspect-ratio\"><div class=\"wp-block-embed__wrapper\">\n<div class=\"fitvids\"><iframe title=\"Desktop - Account and course registration\" width=\"1170\" height=\"658\" src=\"https:\/\/www.youtube.com\/embed\/IWMb_Xhrk8A?feature=oembed\" frameborder=\"0\" allow=\"accelerometer; autoplay; clipboard-write; encrypted-media; gyroscope; picture-in-picture; web-share\" referrerpolicy=\"strict-origin-when-cross-origin\" allowfullscreen><\/iframe><\/div>\n<\/div><\/figure><h2 class=\"wp-block-heading\">2. Join the courses<\/h2><figure class=\"wp-block-embed is-type-video is-provider-youtube wp-block-embed-youtube wp-embed-aspect-16-9 wp-has-aspect-ratio\"><div class=\"wp-block-embed__wrapper\">\n<div class=\"fitvids\"><iframe title=\"Desktop - Course features\" width=\"1170\" height=\"658\" src=\"https:\/\/www.youtube.com\/embed\/LQY_LEdcJtM?feature=oembed\" frameborder=\"0\" allow=\"accelerometer; autoplay; clipboard-write; encrypted-media; gyroscope; picture-in-picture; web-share\" referrerpolicy=\"strict-origin-when-cross-origin\" allowfullscreen><\/iframe><\/div>\n<\/div><\/figure><h2 class=\"wp-block-heading\">3. Doing tests and course evaluation<\/h2><figure class=\"wp-block-embed is-type-video is-provider-youtube wp-block-embed-youtube wp-embed-aspect-16-9 wp-has-aspect-ratio\"><div class=\"wp-block-embed__wrapper\">\n<div class=\"fitvids\"><iframe title=\"Desktop - Doing test and course review\" width=\"1170\" height=\"658\" src=\"https:\/\/www.youtube.com\/embed\/i7waYuEmj-0?feature=oembed\" frameborder=\"0\" allow=\"accelerometer; autoplay; clipboard-write; encrypted-media; gyroscope; picture-in-picture; web-share\" referrerpolicy=\"strict-origin-when-cross-origin\" allowfullscreen><\/iframe><\/div>\n<\/div><\/figure><h2 class=\"wp-block-heading\">4. Course evalutation and feedback<\/h2><figure class=\"wp-block-embed is-type-video is-provider-youtube wp-block-embed-youtube wp-embed-aspect-16-9 wp-has-aspect-ratio\"><div class=\"wp-block-embed__wrapper\">\n<div class=\"fitvids\"><iframe title=\"H\u01af\u1edaNG D\u1eaaN \u0110\u00c1NH GI\u00c1 KH\u00d3A H\u1eccC B\u1eb0NG \u0110I\u1ec6N THO\u1ea0I\" width=\"1170\" height=\"658\" src=\"https:\/\/www.youtube.com\/embed\/82PL4PVnqOU?feature=oembed\" frameborder=\"0\" allow=\"accelerometer; autoplay; clipboard-write; encrypted-media; gyroscope; picture-in-picture; web-share\" allowfullscreen><\/iframe><\/div>\n<\/div><\/figure><h2 class=\"wp-block-heading\">5. Certificate validation<\/h2><figure class=\"wp-block-embed is-type-video is-provider-youtube wp-block-embed-youtube wp-embed-aspect-16-9 wp-has-aspect-ratio\"><div class=\"wp-block-embed__wrapper\">\n<div class=\"fitvids\"><iframe title=\"Desktop - Download certificate\" width=\"1170\" height=\"658\" src=\"https:\/\/www.youtube.com\/embed\/JofzDa7jUtA?feature=oembed\" frameborder=\"0\" allow=\"accelerometer; autoplay; clipboard-write; encrypted-media; gyroscope; picture-in-picture; web-share\" referrerpolicy=\"strict-origin-when-cross-origin\" allowfullscreen><\/iframe><\/div>\n<\/div><\/figure>","protected":false},"excerpt":{"rendered":"<p>Below is the user instruction for SSVN E-learning platform via mobile devices If you have any question or encounter any &hellip;<\/p>\n","protected":false},"author":1,"featured_media":4602,"parent":0,"menu_order":0,"comment_status":"closed","ping_status":"closed","template":"","meta":{"_vibebp_attr":"","_vibebp_dimensions":"","_vibebp_responsive_height":"","_vibebp_accordion_ie_support":"","footnotes":""},"class_list":["post-9550","page","type-page","status-publish","has-post-thumbnail","hentry"],"_links":{"self":[{"href":"https:\/\/elearning.survivalskills.vn\/en\/wp-json\/wp\/v2\/pages\/9550","targetHints":{"allow":["GET"]}}],"collection":[{"href":"https:\/\/elearning.survivalskills.vn\/en\/wp-json\/wp\/v2\/pages"}],"about":[{"href":"https:\/\/elearning.survivalskills.vn\/en\/wp-json\/wp\/v2\/types\/page"}],"author":[{"embeddable":true,"href":"https:\/\/elearning.survivalskills.vn\/en\/wp-json\/wp\/v2\/users\/1"}],"replies":[{"embeddable":true,"href":"https:\/\/elearning.survivalskills.vn\/en\/wp-json\/wp\/v2\/comments?post=9550"}],"version-history":[{"count":0,"href":"https:\/\/elearning.survivalskills.vn\/en\/wp-json\/wp\/v2\/pages\/9550\/revisions"}],"wp:featuredmedia":[{"embeddable":true,"href":"https:\/\/elearning.survivalskills.vn\/en\/wp-json\/wp\/v2\/media\/4602"}],"wp:attachment":[{"href":"https:\/\/elearning.survivalskills.vn\/en\/wp-json\/wp\/v2\/media?parent=9550"}],"curies":[{"name":"wp","href":"https:\/\/api.w.org\/{rel}","templated":true}]}}