{"id":38282,"date":"2026-04-11T20:31:11","date_gmt":"2026-04-11T13:31:11","guid":{"rendered":"https:\/\/elearning.survivalskills.vn\/product\/chung-chi-vi-mo-ve-du-lich-ben-vung\/"},"modified":"2026-04-11T20:31:11","modified_gmt":"2026-04-11T13:31:11","slug":"chung-chi-vi-mo-ve-du-lich-ben-vung","status":"publish","type":"product","link":"https:\/\/elearning.survivalskills.vn\/en\/product\/chung-chi-vi-mo-ve-du-lich-ben-vung\/","title":{"rendered":"Ch\u01b0\u0301ng chi\u0309 vi m\u00f4 v\u00ea\u0300 Du li\u0323ch b\u00ea\u0300n v\u01b0\u0303ng"},"content":{"rendered":"<div class=\"vibe_editor_rich_text\">\n<p style=\"\">Ch\u01b0\u01a1ng tr\u00ecnh <strong>Ch\u1ee9ng ch\u1ec9 Vi m\u00f4 v\u1ec1 Du l\u1ecbch B\u1ec1n V\u1eefng<\/strong> l\u00e0 d\u1ef1 \u00e1n h\u1ee3p t\u00e1c gi\u00e1o d\u1ee5c ti\u00eau bi\u1ec3u gi\u1eefa Hi\u1ec7p h\u1ed9i Gi\u00e1o d\u1ee5c &amp; \u0110\u00e0o t\u1ea1o K\u1ef9 thu\u1eadt &amp; D\u1ea1y ngh\u1ec1 T\u00e2y \u00dac (WA TVET) v\u00e0 T\u1ed5ng c\u1ee5c Du l\u1ecbch Qu\u1ed1c gia Vi\u1ec7t Nam (VNAT).<\/p>\n<p style=\"\">\u0110\u01b0\u1ee3c s\u1ef1 h\u1ed7 tr\u1ee3 quan tr\u1ecdng t\u1eeb \u1ee6y ban Th\u01b0\u01a1ng m\u1ea1i v\u00e0 \u0110\u1ea7u t\u01b0 \u00dac (AUSTRADE) v\u00e0 H\u1ed9i \u0111\u1ed3ng Doanh nghi\u1ec7p T\u00e2y \u00dac &#8211; Vi\u1ec7t Nam (WAVBC), kh\u00f3a h\u1ecdc \u0111\u01b0\u1ee3c thi\u1ebft k\u1ebf nh\u1eb1m trang b\u1ecb cho nh\u00e2n l\u1ef1c ng\u00e0nh du l\u1ecbch nh\u1eefng ki\u1ebfn th\u1ee9c v\u00e0 c\u00f4ng c\u1ee5 c\u1ea7n thi\u1ebft \u0111\u1ec3 ph\u00e1t tri\u1ec3n m\u00f4 h\u00ecnh kinh doanh b\u1ec1n v\u1eefng, th\u00e2n thi\u1ec7n v\u1edbi m\u00f4i tr\u01b0\u1eddng v\u00e0 c\u00f3 tr\u00e1ch nhi\u1ec7m v\u1edbi c\u1ed9ng \u0111\u1ed3ng.<\/p>\n<p style=\"\"><\/p>\n<h2 style=\"\">\u0110\u01a1n v\u1ecb T\u1ed5 ch\u1ee9c: WA TVET Consortium<\/h2>\n<p style=\"\">WA TVET l\u00e0 hi\u1ec7p h\u1ed9i quy t\u1ee5 c\u00e1c t\u1ed5 ch\u1ee9c gi\u00e1o d\u1ee5c h\u00e0ng \u0111\u1ea7u t\u1ea1i T\u00e2y \u00dac, k\u1ebft h\u1ee3p s\u1ee9c m\u1ea1nh gi\u1eefa kh\u1ed1i c\u00f4ng l\u1eadp v\u00e0 t\u01b0 nh\u00e2n \u0111\u1ec3 mang \u0111\u1ebfn ch\u1ea5t l\u01b0\u1ee3ng \u0111\u00e0o t\u1ea1o xu\u1ea5t s\u1eafc:<\/p>\n<ul>\n<li style=\"\"><strong>Phoenix Academy:<\/strong> T\u1ed5 ch\u1ee9c \u0111\u00e0o t\u1ea1o t\u01b0 nh\u00e2n v\u1edbi 32 n\u0103m kinh nghi\u1ec7m, chuy\u00ean s\u00e2u v\u1ec1 \u0111\u00e0o t\u1ea1o gi\u00e1o vi\u00ean v\u00e0 c\u00e1c ch\u01b0\u01a1ng tr\u00ecnh qu\u1ed1c t\u1ebf.<\/li>\n<li style=\"\"><strong>North Metropolitan TAFE:<\/strong> C\u01a1 s\u1edf c\u00f4ng l\u1eadp l\u1edbn v\u1edbi h\u01a1n 350 kh\u00f3a h\u1ecdc, \u0111a d\u1ea1ng t\u1eeb Kinh doanh, Du l\u1ecbch \u0111\u1ebfn K\u1ef9 thu\u1eadt.<\/li>\n<li style=\"\"><strong>South Metropolitan TAFE:<\/strong> \u0110\u01a1n v\u1ecb \u0111\u00e0o t\u1ea1o ngh\u1ec1 l\u1edbn nh\u1ea5t T\u00e2y \u00dac, th\u1ebf m\u1ea1nh v\u1ec1 H\u00e0ng h\u1ea3i, D\u1ea7u kh\u00ed v\u00e0 K\u1ef9 thu\u1eadt.<\/li>\n<\/ul>\n<p style=\"\"><\/p>\n<h2 style=\"\">Th\u00f4ng tin Kh\u00f3a h\u1ecdc<\/h2>\n<h3 style=\"\">\u0110\u1ed1i t\u01b0\u1ee3ng tham gia<\/h3>\n<p style=\"\">Ch\u01b0\u01a1ng tr\u00ecnh \u0111\u01b0\u1ee3c thi\u1ebft k\u1ebf ph\u00f9 h\u1ee3p cho \u0111a d\u1ea1ng \u0111\u1ed1i t\u01b0\u1ee3ng trong ng\u00e0nh d\u1ecbch v\u1ee5 v\u00e0 du l\u1ecbch:<\/p>\n<ul>\n<li style=\"\">Ch\u1ee7 doanh nghi\u1ec7p v\u00e0 c\u00e1c c\u1ea5p qu\u1ea3n l\u00fd.<\/li>\n<li style=\"\">Nh\u00e2n vi\u00ean \u0111ang l\u00e0m vi\u1ec7c trong ng\u00e0nh du l\u1ecbch, l\u1eef h\u00e0nh, kh\u00e1ch s\u1ea1n.<\/li>\n<li style=\"\">Sinh vi\u00ean chuy\u00ean ng\u00e0nh Du l\u1ecbch &amp; Nh\u00e0 h\u00e0ng Kh\u00e1ch s\u1ea1n.<\/li>\n<\/ul>\n<p style=\"\"><\/p>\n<p style=\"\"><strong>M\u1ee5c ti\u00eau h\u1ecdc t\u1eadp:<\/strong><\/p>\n<ol>\n<li style=\"text-align: left\"><strong>Hi\u1ec3u v\u1ec1 c\u00e1c Nguy\u00ean t\u1eafc c\u1ee7a Du l\u1ecbch B\u1ec1n v\u1eefng<\/strong>: H\u1ecdc vi\u00ean s\u1ebd c\u00f3 \u0111\u01b0\u1ee3c hi\u1ec3u bi\u1ebft to\u00e0n di\u1ec7n v\u1ec1 nh\u1eefng nguy\u00ean t\u1eafc v\u00e0 m\u1ee5c ti\u00eau c\u1ee7a du l\u1ecbch b\u1ec1n v\u1eefng, bao g\u1ed3m b\u1ea3o t\u1ed3n thi\u00ean nhi\u00ean, s\u1ef1 tham gia c\u1ee7a c\u1ed9ng \u0111\u1ed3ng, b\u1ea3o t\u1ed3n di s\u1ea3n v\u0103n h\u00f3a v\u00e0 ho\u1ea1t \u0111\u1ed9ng du &nbsp;&nbsp;&nbsp;&nbsp;&nbsp;l\u1ecbch c\u00f3 tr\u00e1ch nhi\u1ec7m.<\/li>\n<li style=\"text-align: left\"><strong>C\u00e1c \u1ee9ng d\u1ee5ng th\u1ef1c ti\u1ec5n c\u1ee7a Du l\u1ecbch B\u1ec1n v\u1eefng: <\/strong>H\u1ecdc vi\u00ean s\u1ebd c\u00f3 \u0111\u01b0\u1ee3c nh\u1eefng k\u1ef9 n\u0103ng th\u1ef1c ti\u1ec5n trong vi\u1ec7c \u1ee9ng d\u1ee5ng c\u00e1c th\u1ef1c h\u00e0nh b\u1ec1n v\u1eefng trong ho\u1ea1t \u0111\u1ed9ng du l\u1ecbch bao g\u1ed3m qu\u1ea3n l\u00fd ch\u1ea5t th\u1ea3i, ti\u1ebft ki\u1ec7m n\u0103ng l\u01b0\u1ee3ng, ti\u1ebft ki\u1ec7m n\u01b0\u1edbc v\u00e0 du l\u1ecbch \u0111\u1ed9ng &nbsp;&nbsp;&nbsp;&nbsp;&nbsp;v\u1eadt hoang d\u00e3 c\u00f3 tr\u00e1ch nhi\u1ec7m.<\/li>\n<li style=\"text-align: left\"><strong>S\u1ef1 tham gia c\u1ee7a c\u1ed9ng \u0111\u1ed3ng v\u00e0 s\u1ef1 h\u1ee3p t\u00e1c c\u1ee7a c\u00e1c b\u00ean li\u00ean quan: <\/strong>H\u1ecdc vi\u00ean s\u1ebd kh\u00e1m ph\u00e1 c\u00e1c chi\u1ebfn l\u01b0\u1ee3c th\u00fac \u0111\u1ea9y s\u1ef1 tham gia c\u1ee7a c\u1ed9ng \u0111\u1ed3ng v\u00e0 x\u00e2y d\u1ef1ng m\u1ed1i quan h\u1ec7 \u0111\u1ed1i t\u00e1c v\u1edbi c\u1ed9ng \u0111\u1ed3ng \u0111\u1ecba ph\u01b0\u01a1ng, c\u00e1c nh\u00f3m d\u00e2n t\u1ed9c \u0111\u1ecba ph\u01b0\u01a1ng v\u00e0 &nbsp;&nbsp;&nbsp;&nbsp;&nbsp;c\u00e1c b\u00ean li\u00ean quan kh\u00e1c \u0111\u1ec3 th\u00fac \u0111\u1ea9y ph\u00e1t tri\u1ec3n du l\u1ecbch b\u1ec1n v\u1eefng.<\/li>\n<li style=\"text-align: left\"><strong>Th\u00edch \u1ee9ng v\u00e0 Ch\u1ed1ng ch\u1ecbu v\u1edbi bi\u1ebfn \u0111\u1ed5i kh\u00ed h\u1eadu: <\/strong>H\u1ecdc vi\u00ean s\u1ebd ph\u00e2n t\u00edch t\u00e1c \u0111\u1ed9ng c\u1ee7a bi\u1ebfn \u0111\u1ed5i kh\u00ed \u1eadu \u0111\u1ebfn c\u00e1c \u0111i\u1ec3m du l\u1ecbch v\u00e0 ph\u00e1t tri\u1ec3n c\u00e1c chi\u1ebfn l\u01b0\u1ee3c th\u00edch \u1ee9ng \u0111\u1ec3 t\u0103ng c\u01b0\u1eddng kh\u1ea3 n\u0103ng ph\u1ee5c h\u1ed3i v\u00e0 gi\u1ea3m thi\u1ec3u t\u00ecnh tr\u1ea1ng d\u1ec5 b\u1ecb t\u1ed5n th\u01b0\u01a1ng khi \u0111i\u1ec1u &nbsp;&nbsp;&nbsp;&nbsp;&nbsp;ki\u1ec7n m\u00f4i tr\u01b0\u1eddng thay \u0111\u1ed5i.<\/li>\n<li style=\"text-align: left\"><strong>Ti\u1ebfp th\u1ecb v\u00e0 Qu\u1ea3ng b\u00e1 Du l\u1ecbch B\u1ec1n v\u1eefng: <\/strong>H\u1ecdc vi\u00ean s\u1ebd ph\u00e1t tri\u1ec3n c\u00e1c k\u1ef9 n\u0103ng ti\u1ebfp th\u1ecb v\u00e0 qu\u1ea3ng b\u00e1 hi\u1ec7u qu\u1ea3 tr\u1ea3i nghi\u1ec7m du l\u1ecbch b\u1ec1n v\u1eefng cho kh\u00e1ch du l\u1ecbch, bao g\u1ed3m vi\u1ec7c t\u00edch h\u1ee3p th\u00f4ng \u0111i\u1ec7p b\u1ec1n v\u1eefng v\u00e0o c\u00e1c chi\u1ebfn d\u1ecbch ti\u1ebfp th\u1ecb v\u00e0 t\u1eadn d\u1ee5ng n\u1ec1n t\u1ea3ng k\u1ef9 thu\u1eadt s\u1ed1 \u0111\u1ec3 qu\u1ea3ng b\u00e1 \u0111i\u1ec3m \u0111\u1ebfn.<\/li>\n<li style=\"text-align: left\"><strong>Ch\u00ednh s\u00e1ch v\u00e0 Qu\u1ea3n tr\u1ecb Du l\u1ecbch B\u1ec1n v\u1eefng: <\/strong>H\u1ecdc vi\u00ean s\u1ebd hi\u1ec3u vai tr\u00f2 c\u1ee7a c\u00e1c ch\u00ednh s\u00e1ch, quy \u0111\u1ecbnh v\u00e0 c\u01a1 ch\u1ebf qu\u1ea3n tr\u1ecb c\u1ee7a ch\u00ednh ph\u1ee7 trong vi\u1ec7c th\u00fac \u0111\u1ea9y ph\u00e1t tri\u1ec3n du l\u1ecbch b\u1ec1n v\u1eefng, bao g\u1ed3m s\u1ef1 tham gia, v\u1eadn \u0111\u1ed9ng c\u00e1c b\u00ean li\u00ean quan v\u00e0 tu\u00e2n th\u1ee7 c\u00e1c ti\u00eau chu\u1ea9n b\u1ec1n v\u1eefng v\u00e0 ch\u01b0\u01a1ng tr\u00ecnh ch\u1ee9ng nh\u1eadn b\u1ec1n v\u1eefng.<\/li>\n<li style=\"text-align: left\"><strong>T\u01b0 duy Ph\u1ea3n bi\u1ec7n v\u00e0 Gi\u1ea3i quy\u1ebft V\u1ea5n \u0111\u1ec1: <\/strong>H\u1ecdc vi\u00ean s\u1ebd \u0111\u00e1nh gi\u00e1 k\u1ef9 l\u01b0\u1ee1ng c\u00e1c nghi\u00ean c\u1ee9u \u0111i\u1ec3n h\u00ecnh, v\u00ed d\u1ee5 th\u1ef1c t\u1ebf v\u00e0 c\u00e1c th\u1ef1c h\u00e0nh t\u1ed1t trong du l\u1ecbch b\u1ec1n v\u1eefng, \u0111\u1ed3ng th\u1eddi \u00e1p d\u1ee5ng ki\u1ebfn th\u1ee9c c\u1ee7a m\u00ecnh \u0111\u1ec3 gi\u1ea3i quy\u1ebft nh\u1eefng th\u00e1ch th\u1ee9c v\u00e0 t\u00ecnh hu\u1ed1ng ph\u1ee9c t\u1ea1p m\u00e0 ng\u00e0nh du l\u1ecbch ph\u1ea3i \u0111\u1ed1i m\u1eb7t.<\/li>\n<li style=\"text-align: left\"><strong>Ra Quy\u1ebft \u0111\u1ecbnh c\u00f3 \u0110\u1ea1o \u0111\u1ee9c v\u00e0 Tr\u00e1ch nhi\u1ec7m: <\/strong>H\u1ecdc vi\u00ean s\u1ebd ph\u00e1t tri\u1ec3n k\u1ef9 n\u0103ng ra quy\u1ebft \u0111\u1ecbnh c\u00f3 \u0111\u1ea1o \u0111\u1ee9c v\u00e0 \u00fd th\u1ee9c m\u1ea1nh m\u1ebd v\u1ec1 tr\u00e1ch nhi\u1ec7m x\u00e3 h\u1ed9i trong du l\u1ecbch, bao g\u1ed3m c\u00e1c c\u00e2n nh\u1eafc v\u1ec1 s\u1ef1 nh\u1ea1y c\u1ea3m v\u1ec1 v\u0103n h\u00f3a, c\u00f4ng b\u1eb1ng x\u00e3 h\u1ed9i v\u00e0 c\u00e1c ho\u1ea1t \u0111\u1ed9ng du &nbsp;&nbsp;&nbsp;&nbsp;&nbsp;l\u1ecbch li\u00ean quan \u0111\u1ebfn \u0111\u1ed9ng v\u1eadt hoang d\u00e3 c\u00f3 tr\u00e1ch nhi\u1ec7m.<\/li>\n<\/ol>\n<p style=\"\"><\/p>\n<h2 style=\"\">L\u1ee3i \u00edch v\u00e0 Ch\u1ee9ng nh\u1eadn<\/h2>\n<p style=\"\">Khi tham gia kh\u00f3a h\u1ecdc, h\u1ecdc vi\u00ean kh\u00f4ng ch\u1ec9 c\u1eadp nh\u1eadt \u0111\u01b0\u1ee3c c\u00e1c xu h\u01b0\u1edbng du l\u1ecbch to\u00e0n c\u1ea7u m\u00e0 c\u00f2n nh\u1eadn \u0111\u01b0\u1ee3c nh\u1eefng gi\u00e1 tr\u1ecb th\u1ef1c ti\u1ec5n:<\/p>\n<ul>\n<li style=\"\"><strong>Ki\u1ebfn th\u1ee9c \u1ee9ng d\u1ee5ng:<\/strong> N\u1ed9i dung \u0111\u01b0\u1ee3c \u0111\u00e1nh gi\u00e1 cao v\u1ec1 t\u00ednh th\u1ef1c ti\u1ec5n (tr\u00ean 90% h\u1ecdc vi\u00ean \u0111\u00e1nh gi\u00e1 n\u1ed9i dung h\u1eefu \u00edch).<\/li>\n<li style=\"\"><strong>Ch\u1ee9ng ch\u1ec9 uy t\u00edn:<\/strong> Sau khi ho\u00e0n th\u00e0nh c\u00e1c h\u1ecdc ph\u1ea7n v\u00e0 b\u00e0i ki\u1ec3m tra cu\u1ed1i kh\u00f3a, h\u1ecdc vi\u00ean s\u1ebd \u0111\u01b0\u1ee3c c\u1ea5p:<\/li>\n<li style=\"\"><strong>Huy hi\u1ec7u s\u1ed1 (Digital Badge):<\/strong> D\u1ec5 d\u00e0ng chia s\u1ebb tr\u00ean LinkedIn v\u00e0 h\u1ed3 s\u01a1 n\u0103ng l\u1ef1c s\u1ed1.<\/li>\n<li style=\"\"><strong>Gi\u1ea5y ch\u1ee9ng nh\u1eadn ho\u00e0n th\u00e0nh:<\/strong> \u0110\u01b0\u1ee3c c\u00f4ng nh\u1eadn b\u1edfi WA TVET.<\/li>\n<\/ul>\n<\/div>\n","protected":false},"excerpt":{"rendered":"<p>Ch\u01b0\u01a1ng tr\u00ecnh Ch\u1ee9ng ch\u1ec9 Vi m\u00f4 v\u1ec1 Du l\u1ecbch B\u1ec1n V\u1eefng l\u00e0 d\u1ef1 \u00e1n h\u1ee3p t\u00e1c gi\u00e1o d\u1ee5c ti\u00eau bi\u1ec3u &hellip;<\/p>\n","protected":false},"featured_media":37385,"comment_status":"open","ping_status":"closed","template":"","meta":{"_vibebp_attr":"","_vibebp_dimensions":"","_vibebp_responsive_height":"","_vibebp_accordion_ie_support":""},"product_brand":[],"product_cat":[],"product_tag":[],"class_list":{"0":"post-38282","1":"product","2":"type-product","3":"status-publish","4":"has-post-thumbnail","7":"first","8":"instock","9":"sale","10":"downloadable","11":"virtual","12":"sold-individually","13":"purchasable","14":"product-type-simple"},"_links":{"self":[{"href":"https:\/\/elearning.survivalskills.vn\/en\/wp-json\/wp\/v2\/product\/38282","targetHints":{"allow":["GET"]}}],"collection":[{"href":"https:\/\/elearning.survivalskills.vn\/en\/wp-json\/wp\/v2\/product"}],"about":[{"href":"https:\/\/elearning.survivalskills.vn\/en\/wp-json\/wp\/v2\/types\/product"}],"replies":[{"embeddable":true,"href":"https:\/\/elearning.survivalskills.vn\/en\/wp-json\/wp\/v2\/comments?post=38282"}],"wp:featuredmedia":[{"embeddable":true,"href":"https:\/\/elearning.survivalskills.vn\/en\/wp-json\/wp\/v2\/media\/37385"}],"wp:attachment":[{"href":"https:\/\/elearning.survivalskills.vn\/en\/wp-json\/wp\/v2\/media?parent=38282"}],"wp:term":[{"taxonomy":"product_brand","embeddable":true,"href":"https:\/\/elearning.survivalskills.vn\/en\/wp-json\/wp\/v2\/product_brand?post=38282"},{"taxonomy":"product_cat","embeddable":true,"href":"https:\/\/elearning.survivalskills.vn\/en\/wp-json\/wp\/v2\/product_cat?post=38282"},{"taxonomy":"product_tag","embeddable":true,"href":"https:\/\/elearning.survivalskills.vn\/en\/wp-json\/wp\/v2\/product_tag?post=38282"}],"curies":[{"name":"wp","href":"https:\/\/api.w.org\/{rel}","templated":true}]}}